{"id":2,"date":"2025-10-17T22:46:39","date_gmt":"2025-10-17T20:46:39","guid":{"rendered":"https:\/\/observatorio.edec.gob.ec\/?page_id=2"},"modified":"2026-04-04T13:27:15","modified_gmt":"2026-04-04T18:27:15","slug":"acerca-de","status":"publish","type":"page","link":"https:\/\/observatorio.edec.gob.ec\/?page_id=2","title":{"rendered":"Acerca de"},"content":{"rendered":"\t\t<div data-elementor-type=\"wp-page\" data-elementor-id=\"2\" class=\"elementor elementor-2\">\n\t\t\t\t<div class=\"elementor-element elementor-element-cdbf137 e-con-full e-flex e-con e-parent\" data-id=\"cdbf137\" data-element_type=\"container\" data-e-type=\"container\" data-settings=\"{&quot;background_background&quot;:&quot;classic&quot;,&quot;shape_divider_bottom&quot;:&quot;curve&quot;,&quot;shape_divider_bottom_negative&quot;:&quot;yes&quot;}\">\n\t\t\t\t<div class=\"elementor-shape elementor-shape-bottom\" aria-hidden=\"true\" data-negative=\"true\">\n\t\t\t<svg xmlns=\"http:\/\/www.w3.org\/2000\/svg\" viewBox=\"0 0 1000 100\" preserveAspectRatio=\"none\">\n\t<path class=\"elementor-shape-fill\" d=\"M500,97C126.7,96.3,0.8,19.8,0,0v100l1000,0V1C1000,19.4,873.3,97.8,500,97z\"\/>\n<\/svg>\t\t<\/div>\n\t\t<div class=\"elementor-element elementor-element-11797c54 e-con-full elementor-hidden-tablet elementor-hidden-mobile e-flex e-con e-child\" data-id=\"11797c54\" data-element_type=\"container\" data-e-type=\"container\" data-settings=\"{&quot;background_background&quot;:&quot;classic&quot;}\">\n\t\t\t\t<div class=\"elementor-element elementor-element-1955989d elementor-widget__width-initial elementor-invisible elementor-widget elementor-widget-page-title\" data-id=\"1955989d\" data-element_type=\"widget\" data-e-type=\"widget\" data-settings=\"{&quot;align&quot;:&quot;center&quot;,&quot;_animation&quot;:&quot;fadeInLeft&quot;}\" data-widget_type=\"page-title.default\">\n\t\t\t\t<div class=\"elementor-widget-container\">\n\t\t\t\t\t\t\t\n\t\t<div class=\"hfe-page-title hfe-page-title-wrapper elementor-widget-heading\">\n\n\t\t\t\t\t\t\t\t\t\t\t<a href=\"https:\/\/observatorio.edec.gob.ec\">\n\t\t\t\t\t\t<h2 class=\"elementor-heading-title elementor-size-default\">\n\t\t\t\t\t\t\t\t\n\t\t\t\tAcerca de  \n\t\t\t<\/h2 > \n\t\t\t\t\t\t\t\t\t<\/a>\n\t\t\t\t\t<\/div>\n\t\t\t\t\t\t<\/div>\n\t\t\t\t<\/div>\n\t\t\t\t<\/div>\n\t\t<div class=\"elementor-element elementor-element-247ca12d e-con-full e-flex e-con e-child\" data-id=\"247ca12d\" data-element_type=\"container\" data-e-type=\"container\" data-settings=\"{&quot;background_background&quot;:&quot;classic&quot;,&quot;shape_divider_bottom&quot;:&quot;curve&quot;,&quot;shape_divider_bottom_negative&quot;:&quot;yes&quot;}\">\n\t\t\t\t<div class=\"elementor-shape elementor-shape-bottom\" aria-hidden=\"true\" data-negative=\"true\">\n\t\t\t<svg xmlns=\"http:\/\/www.w3.org\/2000\/svg\" viewBox=\"0 0 1000 100\" preserveAspectRatio=\"none\">\n\t<path class=\"elementor-shape-fill\" d=\"M500,97C126.7,96.3,0.8,19.8,0,0v100l1000,0V1C1000,19.4,873.3,97.8,500,97z\"\/>\n<\/svg>\t\t<\/div>\n\t\t\t\t<\/div>\n\t\t<div class=\"elementor-element elementor-element-66692561 e-con-full elementor-hidden-desktop e-flex e-con e-child\" data-id=\"66692561\" data-element_type=\"container\" data-e-type=\"container\">\n\t\t\t\t<div class=\"elementor-element elementor-element-28c4da54 elementor-widget-mobile__width-inherit elementor-absolute elementor-widget-tablet__width-inherit elementor-widget elementor-widget-page-title\" data-id=\"28c4da54\" data-element_type=\"widget\" data-e-type=\"widget\" data-settings=\"{&quot;align&quot;:&quot;center&quot;,&quot;_position&quot;:&quot;absolute&quot;}\" data-widget_type=\"page-title.default\">\n\t\t\t\t<div class=\"elementor-widget-container\">\n\t\t\t\t\t\t\t\n\t\t<div class=\"hfe-page-title hfe-page-title-wrapper elementor-widget-heading\">\n\n\t\t\t\t\t\t\t\t\t\t\t<a href=\"https:\/\/observatorio.edec.gob.ec\">\n\t\t\t\t\t\t<h2 class=\"elementor-heading-title elementor-size-default\">\n\t\t\t\t\t\t\t\t\n\t\t\t\tAcerca de  \n\t\t\t<\/h2 > \n\t\t\t\t\t\t\t\t\t<\/a>\n\t\t\t\t\t<\/div>\n\t\t\t\t\t\t<\/div>\n\t\t\t\t<\/div>\n\t\t\t\t<\/div>\n\t\t\t\t<\/div>\n\t\t<div class=\"elementor-element elementor-element-b41d6e7 e-flex e-con-boxed e-con e-parent\" data-id=\"b41d6e7\" data-element_type=\"container\" data-e-type=\"container\" data-settings=\"{&quot;background_background&quot;:&quot;gradient&quot;}\">\n\t\t\t\t\t<div class=\"e-con-inner\">\n\t\t<div class=\"elementor-element elementor-element-4122596 e-con-full animated-slow e-flex elementor-invisible e-con e-child\" data-id=\"4122596\" data-element_type=\"container\" data-e-type=\"container\" data-settings=\"{&quot;background_background&quot;:&quot;classic&quot;,&quot;animation&quot;:&quot;fadeIn&quot;,&quot;animation_delay&quot;:500}\">\n\t\t\t\t<div class=\"elementor-element elementor-element-a84267d elementor-widget elementor-widget-text-editor\" data-id=\"a84267d\" data-element_type=\"widget\" data-e-type=\"widget\" data-widget_type=\"text-editor.default\">\n\t\t\t\t\t\t\t\t\t<p><span style=\"font-weight: 400;\">El Observatorio Econ\u00f3mico del Cant\u00f3n Cuenca es espacio t\u00e9cnico dedicado a la recolecci\u00f3n de datos de entes generadores de informaci\u00f3n, para su posterior an\u00e1lisis y difusi\u00f3n de informaci\u00f3n econ\u00f3mica y social, con el prop\u00f3sito de fortalecer la toma de decisiones basada en evidencia. Surge como una iniciativa para consolidar un sistema de monitoreo permanente de la actividad econ\u00f3mica del territorio, promoviendo la transparencia, la planificaci\u00f3n y la competitividad local.<\/span><\/p>\t\t\t\t\t\t\t\t<\/div>\n\t\t\t\t<\/div>\n\t\t<div class=\"elementor-element elementor-element-715426d e-con-full animated-slow e-flex elementor-invisible e-con e-child\" data-id=\"715426d\" data-element_type=\"container\" data-e-type=\"container\" data-settings=\"{&quot;background_background&quot;:&quot;classic&quot;,&quot;animation&quot;:&quot;fadeInLeft&quot;}\">\n\t\t<div class=\"elementor-element elementor-element-c23214a e-con-full animated-slow e-flex elementor-invisible e-con e-child\" data-id=\"c23214a\" data-element_type=\"container\" data-e-type=\"container\" data-settings=\"{&quot;animation&quot;:&quot;fadeInLeft&quot;}\">\n\t\t\t\t<div class=\"elementor-element elementor-element-fe6f7f9 elementor-widget elementor-widget-heading\" data-id=\"fe6f7f9\" data-element_type=\"widget\" data-e-type=\"widget\" data-widget_type=\"heading.default\">\n\t\t\t\t\t<h2 class=\"elementor-heading-title elementor-size-default\">Misi\u00f3n<\/h2>\t\t\t\t<\/div>\n\t\t\t\t<div class=\"elementor-element elementor-element-1a492de elementor-widget elementor-widget-text-editor\" data-id=\"1a492de\" data-element_type=\"widget\" data-e-type=\"widget\" data-widget_type=\"text-editor.default\">\n\t\t\t\t\t\t\t\t\t<p>Contribuir al desarrollo econ\u00f3mico sostenible del territorio, mediante el an\u00e1lisis y difusi\u00f3n de informaci\u00f3n estad\u00edstica y econ\u00f3mica de calidad, que sirva como insumo estrat\u00e9gico para la formulaci\u00f3n de pol\u00edticas p\u00fablicas, la gesti\u00f3n empresarial y la correcta toma de decisiones en la ciudad de Cuenca.<\/p>\t\t\t\t\t\t\t\t<\/div>\n\t\t\t\t<\/div>\n\t\t<div class=\"elementor-element elementor-element-4b192bf e-con-full animated-slow e-flex elementor-invisible e-con e-child\" data-id=\"4b192bf\" data-element_type=\"container\" data-e-type=\"container\" data-settings=\"{&quot;animation&quot;:&quot;fadeInRight&quot;}\">\n\t\t\t\t<div class=\"elementor-element elementor-element-21e8551 elementor-widget elementor-widget-heading\" data-id=\"21e8551\" data-element_type=\"widget\" data-e-type=\"widget\" data-widget_type=\"heading.default\">\n\t\t\t\t\t<h2 class=\"elementor-heading-title elementor-size-default\">Visi\u00f3n<\/h2>\t\t\t\t<\/div>\n\t\t\t\t<div class=\"elementor-element elementor-element-e356616 elementor-widget elementor-widget-text-editor\" data-id=\"e356616\" data-element_type=\"widget\" data-e-type=\"widget\" data-widget_type=\"text-editor.default\">\n\t\t\t\t\t\t\t\t\t<p><span style=\"font-weight: 400;\">El Observatorio Econ\u00f3mico del Cant\u00f3n Cuenca es espacio t\u00e9cnico dedicado a la recolecci\u00f3n de datos de entes generadores de informaci\u00f3n, para su posterior an\u00e1lisis y difusi\u00f3n de informaci\u00f3n econ\u00f3mica y social, con el prop\u00f3sito de fortalecer la toma de decisiones basada en evidencia. Surge como una iniciativa para consolidar un sistema de monitoreo permanente de la actividad econ\u00f3mica del territorio, promoviendo la transparencia, la planificaci\u00f3n y la competitividad local.<\/span><\/p>\t\t\t\t\t\t\t\t<\/div>\n\t\t\t\t<\/div>\n\t\t\t\t<\/div>\n\t\t\t\t\t<\/div>\n\t\t\t\t<\/div>\n\t\t<div class=\"elementor-element elementor-element-03ffe70 e-flex e-con-boxed elementor-invisible e-con e-parent\" data-id=\"03ffe70\" data-element_type=\"container\" data-e-type=\"container\" data-settings=\"{&quot;animation&quot;:&quot;fadeInLeft&quot;}\">\n\t\t\t\t\t<div class=\"e-con-inner\">\n\t\t<div class=\"elementor-element elementor-element-6a71e8c e-con-full e-flex e-con e-child\" data-id=\"6a71e8c\" data-element_type=\"container\" data-e-type=\"container\">\n\t\t<div class=\"elementor-element elementor-element-1273a0e e-con-full e-flex e-con e-child\" data-id=\"1273a0e\" data-element_type=\"container\" data-e-type=\"container\">\n\t\t\t\t<div class=\"elementor-element elementor-element-3be89b2 elementor-widget elementor-widget-heading\" data-id=\"3be89b2\" data-element_type=\"widget\" data-e-type=\"widget\" data-widget_type=\"heading.default\">\n\t\t\t\t\t<h2 class=\"elementor-heading-title elementor-size-default\"><strong>Nuestro <\/strong>Alcance<\/h2>\t\t\t\t<\/div>\n\t\t\t\t<\/div>\n\t\t<div class=\"elementor-element elementor-element-28683aa e-con-full e-flex e-con e-child\" data-id=\"28683aa\" data-element_type=\"container\" data-e-type=\"container\" data-settings=\"{&quot;background_background&quot;:&quot;classic&quot;}\">\n\t\t\t\t<div class=\"elementor-element elementor-element-25b710e elementor-widget elementor-widget-text-editor\" data-id=\"25b710e\" data-element_type=\"widget\" data-e-type=\"widget\" data-widget_type=\"text-editor.default\">\n\t\t\t\t\t\t\t\t\t<p><span style=\"font-weight: 400;\">El Observatorio Econ\u00f3mico est\u00e1 enfocado en la zona de la EDEC EP, con \u00e9nfasis en la ciudad de Cuenca y sus alrededores abarca un an\u00e1lisis integral de la din\u00e1mica econ\u00f3mica del territorio, incluyendo sectores como producci\u00f3n, empleo, comercio y finanzas. Su alcance comprende la estructuraci\u00f3n de bases de datos y monitoreo de indicadores locales y regionales, con el prop\u00f3sito de ser un espacio participativo, que permitan el apoyo en la toma de decisiones estrat\u00e9gicas tanto en el \u00e1mbito p\u00fablico y privado. <\/span><br \/>Su alcance comprende la estructuraci\u00f3n de bases de datos y monitoreo de indicadores locales y regionales, con el prop\u00f3sito de ser un espacio participativo, que permita el apoyo en la toma de decisiones estrat\u00e9gicas tanto en el \u00e1mbito p\u00fablico y privado.<\/p>\t\t\t\t\t\t\t\t<\/div>\n\t\t\t\t<\/div>\n\t\t\t\t<\/div>\n\t\t<div class=\"elementor-element elementor-element-0dae20a e-con-full e-flex e-con e-child\" data-id=\"0dae20a\" data-element_type=\"container\" data-e-type=\"container\">\n\t\t\t\t<div class=\"elementor-element elementor-element-4f9b860 elementor-widget elementor-widget-image-carousel\" data-id=\"4f9b860\" data-element_type=\"widget\" data-e-type=\"widget\" data-settings=\"{&quot;slides_to_show&quot;:&quot;1&quot;,&quot;navigation&quot;:&quot;none&quot;,&quot;autoplay_speed&quot;:1000,&quot;autoplay&quot;:&quot;yes&quot;,&quot;infinite&quot;:&quot;yes&quot;,&quot;effect&quot;:&quot;slide&quot;,&quot;speed&quot;:500}\" data-widget_type=\"image-carousel.default\">\n\t\t\t\t\t\t\t<div class=\"elementor-image-carousel-wrapper swiper\" role=\"region\" aria-roledescription=\"carousel\" aria-label=\"Carrusel de im\u00e1genes\" dir=\"ltr\">\n\t\t\t<div class=\"elementor-image-carousel swiper-wrapper\" aria-live=\"off\">\n\t\t\t\t\t\t\t\t<div class=\"swiper-slide\" role=\"group\" aria-roledescription=\"slide\" aria-label=\"1 de 3\"><figure class=\"swiper-slide-inner\"><img decoding=\"async\" class=\"swiper-slide-image\" src=\"https:\/\/observatorio.edec.gob.ec\/wp-content\/uploads\/elementor\/thumbs\/edec-bg-rdu8bt3os6aii7807oa4jpbi975fa1jq1kzuzur4zs.jpeg\" alt=\"edec-bg\" \/><\/figure><\/div><div class=\"swiper-slide\" role=\"group\" aria-roledescription=\"slide\" aria-label=\"2 de 3\"><figure class=\"swiper-slide-inner\"><img decoding=\"async\" class=\"swiper-slide-image\" src=\"https:\/\/observatorio.edec.gob.ec\/wp-content\/uploads\/elementor\/thumbs\/edec-galeria-1-rfkkbcgki6v562mk3awtgrbmehdj0blceyyvse73m0.jpg\" alt=\"edec-galeria-1\" \/><\/figure><\/div><div class=\"swiper-slide\" role=\"group\" aria-roledescription=\"slide\" aria-label=\"3 de 3\"><figure class=\"swiper-slide-inner\"><img decoding=\"async\" class=\"swiper-slide-image\" src=\"https:\/\/observatorio.edec.gob.ec\/wp-content\/uploads\/elementor\/thumbs\/edec-galeria-2-rfkkbdeep0wfhol6xtbg1932zv8w80p2r3md9o5pfs.jpg\" alt=\"edec-galeria-2\" \/><\/figure><\/div>\t\t\t<\/div>\n\t\t\t\t\t\t\t\n\t\t\t\t\t\t\t\t\t<\/div>\n\t\t\t\t\t\t<\/div>\n\t\t\t\t<\/div>\n\t\t\t\t\t<\/div>\n\t\t\t\t<\/div>\n\t\t<div class=\"elementor-element elementor-element-f607ae9 animated-slow e-flex e-con-boxed elementor-invisible e-con e-parent\" data-id=\"f607ae9\" data-element_type=\"container\" data-e-type=\"container\" data-settings=\"{&quot;animation&quot;:&quot;fadeInLeft&quot;}\">\n\t\t\t\t\t<div class=\"e-con-inner\">\n\t\t\t\t<div class=\"elementor-element elementor-element-477b1c2 elementor-widget elementor-widget-heading\" data-id=\"477b1c2\" data-element_type=\"widget\" data-e-type=\"widget\" data-widget_type=\"heading.default\">\n\t\t\t\t\t<h2 class=\"elementor-heading-title elementor-size-default\"><strong>Objetivos <\/strong>del Observatorio<\/h2>\t\t\t\t<\/div>\n\t\t\t\t\t<\/div>\n\t\t\t\t<\/div>\n\t\t<div class=\"elementor-element elementor-element-a37919f e-flex e-con-boxed elementor-invisible e-con e-parent\" data-id=\"a37919f\" data-element_type=\"container\" data-e-type=\"container\" data-settings=\"{&quot;animation&quot;:&quot;slideInUp&quot;}\">\n\t\t\t\t\t<div class=\"e-con-inner\">\n\t\t<div class=\"elementor-element elementor-element-c788e12 e-flex e-con-boxed e-con e-child\" data-id=\"c788e12\" data-element_type=\"container\" data-e-type=\"container\">\n\t\t\t\t\t<div class=\"e-con-inner\">\n\t\t\t\t<div class=\"elementor-element elementor-element-5bdd145 elementor-widget elementor-widget-heading\" data-id=\"5bdd145\" data-element_type=\"widget\" data-e-type=\"widget\" data-widget_type=\"heading.default\">\n\t\t\t\t\t<h2 class=\"elementor-heading-title elementor-size-default\">1<\/h2>\t\t\t\t<\/div>\n\t\t\t\t<div class=\"elementor-element elementor-element-236ac1e elementor-widget elementor-widget-text-editor\" data-id=\"236ac1e\" data-element_type=\"widget\" data-e-type=\"widget\" data-widget_type=\"text-editor.default\">\n\t\t\t\t\t\t\t\t\t<p>Promover el uso de herramientas de an\u00e1lisis para tener una prospectiva econ\u00f3mica mediante el uso de sistemas tecnol\u00f3gicos como visualizadores interactivos para el seguimiento de indicadores, simulaci\u00f3n de escenarios y visualizaci\u00f3n interactiva de datos, que respalden la planificaci\u00f3n y la toma de decisiones estrat\u00e9gicas.<\/p>\t\t\t\t\t\t\t\t<\/div>\n\t\t\t\t\t<\/div>\n\t\t\t\t<\/div>\n\t\t<div class=\"elementor-element elementor-element-f4822b2 e-flex e-con-boxed e-con e-child\" data-id=\"f4822b2\" data-element_type=\"container\" data-e-type=\"container\">\n\t\t\t\t\t<div class=\"e-con-inner\">\n\t\t\t\t<div class=\"elementor-element elementor-element-50c8b65 elementor-widget elementor-widget-heading\" data-id=\"50c8b65\" data-element_type=\"widget\" data-e-type=\"widget\" data-widget_type=\"heading.default\">\n\t\t\t\t\t<h2 class=\"elementor-heading-title elementor-size-default\">2<\/h2>\t\t\t\t<\/div>\n\t\t\t\t<div class=\"elementor-element elementor-element-6de5daa elementor-widget elementor-widget-text-editor\" data-id=\"6de5daa\" data-element_type=\"widget\" data-e-type=\"widget\" data-widget_type=\"text-editor.default\">\n\t\t\t\t\t\t\t\t\t<p>Fomentar la participaci\u00f3n y colaboraci\u00f3n entre el sector empresarial y entidades p\u00fablicas, generando un espacio de an\u00e1lisis que contribuya al desarrollo econ\u00f3mico sostenible del cant\u00f3n Cuenca.<\/p>\t\t\t\t\t\t\t\t<\/div>\n\t\t\t\t\t<\/div>\n\t\t\t\t<\/div>\n\t\t<div class=\"elementor-element elementor-element-14e94a4 e-flex e-con-boxed e-con e-child\" data-id=\"14e94a4\" data-element_type=\"container\" data-e-type=\"container\">\n\t\t\t\t\t<div class=\"e-con-inner\">\n\t\t\t\t<div class=\"elementor-element elementor-element-074390c elementor-widget elementor-widget-heading\" data-id=\"074390c\" data-element_type=\"widget\" data-e-type=\"widget\" data-widget_type=\"heading.default\">\n\t\t\t\t\t<h2 class=\"elementor-heading-title elementor-size-default\">3<\/h2>\t\t\t\t<\/div>\n\t\t\t\t<div class=\"elementor-element elementor-element-717896e elementor-widget elementor-widget-text-editor\" data-id=\"717896e\" data-element_type=\"widget\" data-e-type=\"widget\" data-widget_type=\"text-editor.default\">\n\t\t\t\t\t\t\t\t\t<p>Impulsar la inclusi\u00f3n y el acceso equitativo a la informaci\u00f3n econ\u00f3mica mismo que sean comprensibles y \u00fatiles para todos los actores que hagan uso de este, fortaleciendo las capacidades locales y permitan la comprensi\u00f3n de la informaci\u00f3n econ\u00f3mica.<\/p>\t\t\t\t\t\t\t\t<\/div>\n\t\t\t\t\t<\/div>\n\t\t\t\t<\/div>\n\t\t\t\t\t<\/div>\n\t\t\t\t<\/div>\n\t\t\t\t<\/div>\n\t\t","protected":false},"excerpt":{"rendered":"<p>Acerca de Acerca de El Observatorio Econ\u00f3mico del Cant\u00f3n Cuenca es espacio t\u00e9cnico dedicado a la recolecci\u00f3n de datos de entes generadores de informaci\u00f3n, para su posterior an\u00e1lisis y difusi\u00f3n de informaci\u00f3n econ\u00f3mica y social, con el prop\u00f3sito de fortalecer la toma de decisiones basada en evidencia. Surge como una iniciativa para consolidar un sistema [&hellip;]<\/p>\n","protected":false},"author":1,"featured_media":0,"parent":0,"menu_order":0,"comment_status":"closed","ping_status":"closed","template":"","meta":{"footnotes":""},"class_list":["post-2","page","type-page","status-publish","hentry"],"aioseo_notices":[],"_links":{"self":[{"href":"https:\/\/observatorio.edec.gob.ec\/index.php?rest_route=\/wp\/v2\/pages\/2","targetHints":{"allow":["GET"]}}],"collection":[{"href":"https:\/\/observatorio.edec.gob.ec\/index.php?rest_route=\/wp\/v2\/pages"}],"about":[{"href":"https:\/\/observatorio.edec.gob.ec\/index.php?rest_route=\/wp\/v2\/types\/page"}],"author":[{"embeddable":true,"href":"https:\/\/observatorio.edec.gob.ec\/index.php?rest_route=\/wp\/v2\/users\/1"}],"replies":[{"embeddable":true,"href":"https:\/\/observatorio.edec.gob.ec\/index.php?rest_route=%2Fwp%2Fv2%2Fcomments&post=2"}],"version-history":[{"count":169,"href":"https:\/\/observatorio.edec.gob.ec\/index.php?rest_route=\/wp\/v2\/pages\/2\/revisions"}],"predecessor-version":[{"id":1857,"href":"https:\/\/observatorio.edec.gob.ec\/index.php?rest_route=\/wp\/v2\/pages\/2\/revisions\/1857"}],"wp:attachment":[{"href":"https:\/\/observatorio.edec.gob.ec\/index.php?rest_route=%2Fwp%2Fv2%2Fmedia&parent=2"}],"curies":[{"name":"wp","href":"https:\/\/api.w.org\/{rel}","templated":true}]}}