{"id":3,"date":"2025-10-17T22:46:39","date_gmt":"2025-10-17T20:46:39","guid":{"rendered":"https:\/\/observatorio.edec.gob.ec\/?page_id=3"},"modified":"2026-04-04T13:19:08","modified_gmt":"2026-04-04T18:19:08","slug":"visualizador-de-datos","status":"publish","type":"page","link":"https:\/\/observatorio.edec.gob.ec\/?page_id=3","title":{"rendered":"Visualizador de datos"},"content":{"rendered":"\t\t<div data-elementor-type=\"wp-page\" data-elementor-id=\"3\" class=\"elementor elementor-3\">\n\t\t\t\t<div class=\"elementor-element elementor-element-5277c76a e-con-full e-flex e-con e-parent\" data-id=\"5277c76a\" data-element_type=\"container\" data-e-type=\"container\" data-settings=\"{&quot;background_background&quot;:&quot;classic&quot;,&quot;shape_divider_bottom&quot;:&quot;curve&quot;,&quot;shape_divider_bottom_negative&quot;:&quot;yes&quot;,&quot;animation&quot;:&quot;none&quot;}\">\n\t\t\t\t<div class=\"elementor-shape elementor-shape-bottom\" aria-hidden=\"true\" data-negative=\"true\">\n\t\t\t<svg xmlns=\"http:\/\/www.w3.org\/2000\/svg\" viewBox=\"0 0 1000 100\" preserveAspectRatio=\"none\">\n\t<path class=\"elementor-shape-fill\" d=\"M500,97C126.7,96.3,0.8,19.8,0,0v100l1000,0V1C1000,19.4,873.3,97.8,500,97z\"\/>\n<\/svg>\t\t<\/div>\n\t\t<div class=\"elementor-element elementor-element-669a92ce e-con-full elementor-hidden-tablet elementor-hidden-mobile e-flex e-con e-child\" data-id=\"669a92ce\" data-element_type=\"container\" data-e-type=\"container\" data-settings=\"{&quot;background_background&quot;:&quot;classic&quot;}\">\n\t\t\t\t<div class=\"elementor-element elementor-element-7f234b6 elementor-invisible elementor-widget elementor-widget-page-title\" data-id=\"7f234b6\" data-element_type=\"widget\" data-e-type=\"widget\" data-settings=\"{&quot;align&quot;:&quot;center&quot;,&quot;_animation&quot;:&quot;fadeInLeft&quot;}\" data-widget_type=\"page-title.default\">\n\t\t\t\t<div class=\"elementor-widget-container\">\n\t\t\t\t\t\t\t\n\t\t<div class=\"hfe-page-title hfe-page-title-wrapper elementor-widget-heading\">\n\n\t\t\t\t\t\t\t\t\t\t\t<a href=\"https:\/\/observatorio.edec.gob.ec\">\n\t\t\t\t\t\t<h2 class=\"elementor-heading-title elementor-size-default\">\n\t\t\t\t\t\t\t\t\n\t\t\t\tVisualizador de datos  \n\t\t\t<\/h2 > \n\t\t\t\t\t\t\t\t\t<\/a>\n\t\t\t\t\t<\/div>\n\t\t\t\t\t\t<\/div>\n\t\t\t\t<\/div>\n\t\t\t\t<\/div>\n\t\t<div class=\"elementor-element elementor-element-48903dc4 e-con-full e-flex e-con e-child\" data-id=\"48903dc4\" data-element_type=\"container\" data-e-type=\"container\" data-settings=\"{&quot;background_background&quot;:&quot;classic&quot;,&quot;shape_divider_bottom&quot;:&quot;curve&quot;,&quot;shape_divider_bottom_negative&quot;:&quot;yes&quot;}\">\n\t\t\t\t<div class=\"elementor-shape elementor-shape-bottom\" aria-hidden=\"true\" data-negative=\"true\">\n\t\t\t<svg xmlns=\"http:\/\/www.w3.org\/2000\/svg\" viewBox=\"0 0 1000 100\" preserveAspectRatio=\"none\">\n\t<path class=\"elementor-shape-fill\" d=\"M500,97C126.7,96.3,0.8,19.8,0,0v100l1000,0V1C1000,19.4,873.3,97.8,500,97z\"\/>\n<\/svg>\t\t<\/div>\n\t\t\t\t<\/div>\n\t\t<div class=\"elementor-element elementor-element-5ded4bd2 e-con-full elementor-hidden-desktop e-flex e-con e-child\" data-id=\"5ded4bd2\" data-element_type=\"container\" data-e-type=\"container\">\n\t\t\t\t<div class=\"elementor-element elementor-element-2f864be7 elementor-widget-mobile__width-inherit elementor-absolute elementor-widget-tablet__width-inherit elementor-widget elementor-widget-page-title\" data-id=\"2f864be7\" data-element_type=\"widget\" data-e-type=\"widget\" data-settings=\"{&quot;align&quot;:&quot;center&quot;,&quot;_position&quot;:&quot;absolute&quot;}\" data-widget_type=\"page-title.default\">\n\t\t\t\t<div class=\"elementor-widget-container\">\n\t\t\t\t\t\t\t\n\t\t<div class=\"hfe-page-title hfe-page-title-wrapper elementor-widget-heading\">\n\n\t\t\t\t\t\t\t\t\t\t\t<a href=\"https:\/\/observatorio.edec.gob.ec\">\n\t\t\t\t\t\t<h2 class=\"elementor-heading-title elementor-size-default\">\n\t\t\t\t\t\t\t\t\n\t\t\t\tVisualizador de datos  \n\t\t\t<\/h2 > \n\t\t\t\t\t\t\t\t\t<\/a>\n\t\t\t\t\t<\/div>\n\t\t\t\t\t\t<\/div>\n\t\t\t\t<\/div>\n\t\t\t\t<\/div>\n\t\t\t\t<\/div>\n\t\t<div class=\"elementor-element elementor-element-4e0e077 e-flex e-con-boxed elementor-invisible e-con e-parent\" data-id=\"4e0e077\" data-element_type=\"container\" data-e-type=\"container\" data-settings=\"{&quot;animation&quot;:&quot;fadeInLeft&quot;}\">\n\t\t\t\t\t<div class=\"e-con-inner\">\n\t\t\t\t<div class=\"elementor-element elementor-element-1345e1e elementor-widget elementor-widget-heading\" data-id=\"1345e1e\" data-element_type=\"widget\" data-e-type=\"widget\" data-widget_type=\"heading.default\">\n\t\t\t\t\t<h2 class=\"elementor-heading-title elementor-size-default\"> <strong>Relaci\u00f3n con <\/strong>instituciones generadoras de datos<\/h2>\t\t\t\t<\/div>\n\t\t\t\t<div class=\"elementor-element elementor-element-18a683a elementor-widget elementor-widget-text-editor\" data-id=\"18a683a\" data-element_type=\"widget\" data-e-type=\"widget\" data-widget_type=\"text-editor.default\">\n\t\t\t\t\t\t\t\t\t<p><span style=\"font-weight: 400;\">El Observatorio no sustituye a los productores oficiales de estad\u00edstica; se articula con ellos para transformar datos en inteligencia aplicada.<\/span><\/p><p><span style=\"font-weight: 400;\">Con base en nuestras necesidades de an\u00e1lisis de indicadores laborales y sectoriales para la ciudad de Cuenca y en parte a nivel nacional, se mantiene una recolecci\u00f3n de informaci\u00f3n presentada en la tabla siguiente:<\/span><\/p>\t\t\t\t\t\t\t\t<\/div>\n\t\t\t\t\t<\/div>\n\t\t\t\t<\/div>\n\t\t<div class=\"elementor-element elementor-element-2112707 e-flex e-con-boxed elementor-invisible e-con e-parent\" data-id=\"2112707\" data-element_type=\"container\" data-e-type=\"container\" data-settings=\"{&quot;animation&quot;:&quot;fadeInUp&quot;,&quot;animation_mobile&quot;:&quot;zoomIn&quot;}\">\n\t\t\t\t\t<div class=\"e-con-inner\">\n\t\t\t\t<div class=\"elementor-element elementor-element-c3e3e61 elementor-widget elementor-widget-shortcode\" data-id=\"c3e3e61\" data-element_type=\"widget\" data-e-type=\"widget\" data-widget_type=\"shortcode.default\">\n\t\t\t\t\t\t\t<div class=\"elementor-shortcode\">\n\t\t\t<div class=\"display-post-types\">\n\n\t\t\t\t\t\t\t<style type=\"text\/css\">\n\t\t\t#dpt-wrapper-952 { --dpt-text-align: center;--dpt-excerpt-align-margin-right: auto; --dpt-excerpt-align-margin-left: auto;--dpt-image-crop: center;--dpt-border-radius: 30px;--dpt-small-grid-column: 33.33%;--dpt-large-grid-column: 33.333333333333%;--dpt-h-gutter: 50px;--dpt-v-gutter: 25px; }\t\t\t<\/style>\n\t\t\t<style type=\"text\/css\">#dpt-wrapper-952 { --dpt-title-font-style:normal;--dpt-title-font-weight:400;--dpt-title-line-height:1.5;--dpt-title-text-decoration:none;--dpt-title-text-transform:none;--dpt-title-text-color:rgb(117,117,117);--dpt-excerpt-font-style:normal;--dpt-excerpt-font-weight:400;--dpt-excerpt-line-height:1.5;--dpt-excerpt-text-decoration:none;--dpt-excerpt-text-transform:none;--dpt-meta1-font-style:normal;--dpt-meta1-font-weight:400;--dpt-meta1-line-height:1.9;--dpt-meta1-text-decoration:none;--dpt-meta1-text-transform:none;--dpt-meta2-font-style:normal;--dpt-meta2-font-weight:400;--dpt-meta2-line-height:1.9;--dpt-meta2-text-decoration:none;--dpt-meta2-text-transform:none;--dpt-wrapper-padding:10px 10px 10px 10px;--dpt-wrapper-br-width:0px 0px 0px 0px;--dpt-wrapper-entry-width:80%;--dpt-wrapper-br-radius:5px 5px 5px 5px;--dpt-wrapper-br-color:; }<\/style>\t\t\t\n\t\t\t\t<div id=\"dpt-wrapper-952\" class=\"dpt-wrapper dpt-grid1 squr multi-col dpt-cropped dpt-flex-wrap dpt-contained-wraptype\" >\n\n\t\t\t\t\t\t\t\t\t\t\t<div class=\"dpt-entry has-thumbnail\" data-title=\"\u00cdndice de empleo, desempleo y subempleo\" data-id=\"42\"  data-portafolio_category=\"gr\u00e1ficos\">\n\t\t\t\t\t\t\t<div class=\"dpt-entry-wrapper\"><div class=\" dpt-featured-content\"><div class=\" dpt-permalink\"><a href=\"https:\/\/observatorio.edec.gob.ec\/?grafico=indice-de-empleo-subempleo-y-desempleo-en-cuenca\" class=\"dpt-permalink\"><span class=\"screen-reader-text\">\u00cdndice de Empleo, Desempleo y Subempleo<\/span><\/a><\/div><div class=\" dpt-thumbnail\"><div class=\"dpt-thumbnail-inner\"><img fetchpriority=\"high\" width=\"400\" height=\"400\" class=\"attachment-full size-full\" alt=\"\" context=\"dpt\" data-dpt-src=\"https:\/\/observatorio.edec.gob.ec\/wp-content\/uploads\/2025\/10\/observatorio-edec-indice-empleo.png\" data-dpt-sizes=\"(max-width: 400px) 100vw, 400px\" data-dpt-srcset=\"https:\/\/observatorio.edec.gob.ec\/wp-content\/uploads\/2025\/10\/observatorio-edec-indice-empleo.png 400w, https:\/\/observatorio.edec.gob.ec\/wp-content\/uploads\/2025\/10\/observatorio-edec-indice-empleo-300x300.png 300w, https:\/\/observatorio.edec.gob.ec\/wp-content\/uploads\/2025\/10\/observatorio-edec-indice-empleo-150x150.png 150w\" \/><\/div><span class=\"dpt-thumbnail-aspect-ratio\" style=\"padding-top: 100%\"><\/span><\/div><\/div><div class=\" sub-entry\"><h3 class=\" dpt-title\"><a class=\"dpt-title-link\" href=\"https:\/\/observatorio.edec.gob.ec\/?grafico=indice-de-empleo-subempleo-y-desempleo-en-cuenca\" rel=\"bookmark\">\u00cdndice de Empleo, Desempleo y Subempleo<\/a><\/h3><\/div><\/div>\n\t\t\t\t\t\t<\/div><!-- .dpt-entry -->\n\t\t\t\t\t\t\t\t\t\t\t\t<div class=\"dpt-entry has-thumbnail\" data-title=\"sectores econ\u00f3micos en crecimiento (variaci\u00f3n intertrimestral, % del pib)\" data-id=\"284\"  data-portafolio_category=\"gr\u00e1ficos\">\n\t\t\t\t\t\t\t<div class=\"dpt-entry-wrapper\"><div class=\" dpt-featured-content\"><div class=\" dpt-permalink\"><a href=\"https:\/\/observatorio.edec.gob.ec\/?grafico=sectores-economicos-en-crecimiento-variacion-intertrimestral-del-pib\" class=\"dpt-permalink\"><span class=\"screen-reader-text\">Sectores Econ\u00f3micos en Crecimiento (variaci\u00f3n intertrimestral, % del PIB)<\/span><\/a><\/div><div class=\" dpt-thumbnail\"><div class=\"dpt-thumbnail-inner\"><img width=\"400\" height=\"400\" class=\"attachment-full size-full\" alt=\"\" context=\"dpt\" data-dpt-src=\"https:\/\/observatorio.edec.gob.ec\/wp-content\/uploads\/2025\/11\/observatorio-edec-sectores-economicos.png\" data-dpt-sizes=\"(max-width: 400px) 100vw, 400px\" data-dpt-srcset=\"https:\/\/observatorio.edec.gob.ec\/wp-content\/uploads\/2025\/11\/observatorio-edec-sectores-economicos.png 400w, https:\/\/observatorio.edec.gob.ec\/wp-content\/uploads\/2025\/11\/observatorio-edec-sectores-economicos-300x300.png 300w, https:\/\/observatorio.edec.gob.ec\/wp-content\/uploads\/2025\/11\/observatorio-edec-sectores-economicos-150x150.png 150w\" \/><\/div><span class=\"dpt-thumbnail-aspect-ratio\" style=\"padding-top: 100%\"><\/span><\/div><\/div><div class=\" sub-entry\"><h3 class=\" dpt-title\"><a class=\"dpt-title-link\" href=\"https:\/\/observatorio.edec.gob.ec\/?grafico=sectores-economicos-en-crecimiento-variacion-intertrimestral-del-pib\" rel=\"bookmark\">Sectores Econ\u00f3micos en Crecimiento (variaci\u00f3n intertrimestral, % del PIB)<\/a><\/h3><\/div><\/div>\n\t\t\t\t\t\t<\/div><!-- .dpt-entry -->\n\t\t\t\t\t\t\t\t\t\t\t\t<div class=\"dpt-entry has-thumbnail\" data-title=\"empresas en cuenca (miles de usd)\" data-id=\"291\"  data-portafolio_category=\"gr\u00e1ficos\">\n\t\t\t\t\t\t\t<div class=\"dpt-entry-wrapper\"><div class=\" dpt-featured-content\"><div class=\" dpt-permalink\"><a href=\"https:\/\/observatorio.edec.gob.ec\/?grafico=empresas-en-cuenca-miles-de-usd\" class=\"dpt-permalink\"><span class=\"screen-reader-text\">Empresas en Cuenca (miles de USD)<\/span><\/a><\/div><div class=\" dpt-thumbnail\"><div class=\"dpt-thumbnail-inner\"><img width=\"400\" height=\"400\" class=\"attachment-full size-full\" alt=\"\" context=\"dpt\" data-dpt-src=\"https:\/\/observatorio.edec.gob.ec\/wp-content\/uploads\/2025\/11\/observatorio-edec-empresas-en-cuenca.png\" data-dpt-sizes=\"(max-width: 400px) 100vw, 400px\" data-dpt-srcset=\"https:\/\/observatorio.edec.gob.ec\/wp-content\/uploads\/2025\/11\/observatorio-edec-empresas-en-cuenca.png 400w, https:\/\/observatorio.edec.gob.ec\/wp-content\/uploads\/2025\/11\/observatorio-edec-empresas-en-cuenca-300x300.png 300w, https:\/\/observatorio.edec.gob.ec\/wp-content\/uploads\/2025\/11\/observatorio-edec-empresas-en-cuenca-150x150.png 150w\" \/><\/div><span class=\"dpt-thumbnail-aspect-ratio\" style=\"padding-top: 100%\"><\/span><\/div><\/div><div class=\" sub-entry\"><h3 class=\" dpt-title\"><a class=\"dpt-title-link\" href=\"https:\/\/observatorio.edec.gob.ec\/?grafico=empresas-en-cuenca-miles-de-usd\" rel=\"bookmark\">Empresas en Cuenca (miles de USD)<\/a><\/h3><\/div><\/div>\n\t\t\t\t\t\t<\/div><!-- .dpt-entry -->\n\t\t\t\t\t\t\t\t\t\t\t\t<div class=\"dpt-entry has-thumbnail\" data-title=\"\u00cdndice de comercio exterior (millones de usd)\" data-id=\"298\"  data-portafolio_category=\"gr\u00e1ficos\">\n\t\t\t\t\t\t\t<div class=\"dpt-entry-wrapper\"><div class=\" dpt-featured-content\"><div class=\" dpt-permalink\"><a href=\"https:\/\/observatorio.edec.gob.ec\/?grafico=indice-de-comercio-exterior-millones-de-usd\" class=\"dpt-permalink\"><span class=\"screen-reader-text\">\u00cdndice de Comercio Exterior (millones de USD)<\/span><\/a><\/div><div class=\" dpt-thumbnail\"><div class=\"dpt-thumbnail-inner\"><img loading=\"lazy\" width=\"400\" height=\"400\" class=\"attachment-full size-full\" alt=\"\" context=\"dpt\" data-dpt-src=\"https:\/\/observatorio.edec.gob.ec\/wp-content\/uploads\/2025\/11\/observatorio-edec-comercio-exterior.png\" data-dpt-sizes=\"(max-width: 400px) 100vw, 400px\" data-dpt-srcset=\"https:\/\/observatorio.edec.gob.ec\/wp-content\/uploads\/2025\/11\/observatorio-edec-comercio-exterior.png 400w, https:\/\/observatorio.edec.gob.ec\/wp-content\/uploads\/2025\/11\/observatorio-edec-comercio-exterior-300x300.png 300w, https:\/\/observatorio.edec.gob.ec\/wp-content\/uploads\/2025\/11\/observatorio-edec-comercio-exterior-150x150.png 150w\" \/><\/div><span class=\"dpt-thumbnail-aspect-ratio\" style=\"padding-top: 100%\"><\/span><\/div><\/div><div class=\" sub-entry\"><h3 class=\" dpt-title\"><a class=\"dpt-title-link\" href=\"https:\/\/observatorio.edec.gob.ec\/?grafico=indice-de-comercio-exterior-millones-de-usd\" rel=\"bookmark\">\u00cdndice de Comercio Exterior (millones de USD)<\/a><\/h3><\/div><\/div>\n\t\t\t\t\t\t<\/div><!-- .dpt-entry -->\n\t\t\t\t\t\t\t\t\t\t\t\t<div class=\"dpt-entry has-thumbnail\" data-title=\"\u00cdndice de delitos\" data-id=\"307\"  data-portafolio_category=\"gr\u00e1ficos\">\n\t\t\t\t\t\t\t<div class=\"dpt-entry-wrapper\"><div class=\" dpt-featured-content\"><div class=\" dpt-permalink\"><a href=\"https:\/\/observatorio.edec.gob.ec\/?grafico=indice-de-criminologia-numero-de-delitos-registrados\" class=\"dpt-permalink\"><span class=\"screen-reader-text\">\u00cdndice de Delitos<\/span><\/a><\/div><div class=\" dpt-thumbnail\"><div class=\"dpt-thumbnail-inner\"><img loading=\"lazy\" width=\"400\" height=\"400\" class=\"attachment-full size-full\" alt=\"\" context=\"dpt\" data-dpt-src=\"https:\/\/observatorio.edec.gob.ec\/wp-content\/uploads\/2025\/11\/observatorio-edec-indice-de-criminologia.png\" data-dpt-sizes=\"(max-width: 400px) 100vw, 400px\" data-dpt-srcset=\"https:\/\/observatorio.edec.gob.ec\/wp-content\/uploads\/2025\/11\/observatorio-edec-indice-de-criminologia.png 400w, https:\/\/observatorio.edec.gob.ec\/wp-content\/uploads\/2025\/11\/observatorio-edec-indice-de-criminologia-300x300.png 300w, https:\/\/observatorio.edec.gob.ec\/wp-content\/uploads\/2025\/11\/observatorio-edec-indice-de-criminologia-150x150.png 150w\" \/><\/div><span class=\"dpt-thumbnail-aspect-ratio\" style=\"padding-top: 100%\"><\/span><\/div><\/div><div class=\" sub-entry\"><h3 class=\" dpt-title\"><a class=\"dpt-title-link\" href=\"https:\/\/observatorio.edec.gob.ec\/?grafico=indice-de-criminologia-numero-de-delitos-registrados\" rel=\"bookmark\">\u00cdndice de Delitos<\/a><\/h3><\/div><\/div>\n\t\t\t\t\t\t<\/div><!-- .dpt-entry -->\n\t\t\t\t\t\t\t\t\t\t\t\t<div class=\"dpt-entry has-thumbnail\" data-title=\"contribuci\u00f3n sectorial al pib\" data-id=\"314\"  data-portafolio_category=\"gr\u00e1ficos\">\n\t\t\t\t\t\t\t<div class=\"dpt-entry-wrapper\"><div class=\" dpt-featured-content\"><div class=\" dpt-permalink\"><a href=\"https:\/\/observatorio.edec.gob.ec\/?grafico=producto-interno-bruto-millones-de-usd-a-precios-constantes\" class=\"dpt-permalink\"><span class=\"screen-reader-text\">Contribuci\u00f3n Sectorial al PIB<\/span><\/a><\/div><div class=\" dpt-thumbnail\"><div class=\"dpt-thumbnail-inner\"><img loading=\"lazy\" width=\"400\" height=\"400\" class=\"attachment-full size-full\" alt=\"\" context=\"dpt\" data-dpt-src=\"https:\/\/observatorio.edec.gob.ec\/wp-content\/uploads\/2025\/11\/observatorio-edec-pib.png\" data-dpt-sizes=\"(max-width: 400px) 100vw, 400px\" data-dpt-srcset=\"https:\/\/observatorio.edec.gob.ec\/wp-content\/uploads\/2025\/11\/observatorio-edec-pib.png 400w, https:\/\/observatorio.edec.gob.ec\/wp-content\/uploads\/2025\/11\/observatorio-edec-pib-300x300.png 300w, https:\/\/observatorio.edec.gob.ec\/wp-content\/uploads\/2025\/11\/observatorio-edec-pib-150x150.png 150w\" \/><\/div><span class=\"dpt-thumbnail-aspect-ratio\" style=\"padding-top: 100%\"><\/span><\/div><\/div><div class=\" sub-entry\"><h3 class=\" dpt-title\"><a class=\"dpt-title-link\" href=\"https:\/\/observatorio.edec.gob.ec\/?grafico=producto-interno-bruto-millones-de-usd-a-precios-constantes\" rel=\"bookmark\">Contribuci\u00f3n Sectorial al PIB<\/a><\/h3><\/div><\/div>\n\t\t\t\t\t\t<\/div><!-- .dpt-entry -->\n\t\t\t\t\t\t\t\t\t\t\t\t<div class=\"dpt-entry has-thumbnail\" data-title=\"remesas por cantones (miles de usd)\" data-id=\"320\"  data-portafolio_category=\"gr\u00e1ficos\">\n\t\t\t\t\t\t\t<div class=\"dpt-entry-wrapper\"><div class=\" dpt-featured-content\"><div class=\" dpt-permalink\"><a href=\"https:\/\/observatorio.edec.gob.ec\/?grafico=mapa-de-calor-de-remesas-miles-de-usd-por-provincia-y-canton\" class=\"dpt-permalink\"><span class=\"screen-reader-text\">Remesas por Cantones (Miles de USD)<\/span><\/a><\/div><div class=\" dpt-thumbnail\"><div class=\"dpt-thumbnail-inner\"><img loading=\"lazy\" width=\"400\" height=\"400\" class=\"attachment-full size-full\" alt=\"\" context=\"dpt\" data-dpt-src=\"https:\/\/observatorio.edec.gob.ec\/wp-content\/uploads\/2025\/11\/observatorio-edec-remesas.png\" data-dpt-sizes=\"(max-width: 400px) 100vw, 400px\" data-dpt-srcset=\"https:\/\/observatorio.edec.gob.ec\/wp-content\/uploads\/2025\/11\/observatorio-edec-remesas.png 400w, https:\/\/observatorio.edec.gob.ec\/wp-content\/uploads\/2025\/11\/observatorio-edec-remesas-300x300.png 300w, https:\/\/observatorio.edec.gob.ec\/wp-content\/uploads\/2025\/11\/observatorio-edec-remesas-150x150.png 150w\" \/><\/div><span class=\"dpt-thumbnail-aspect-ratio\" style=\"padding-top: 100%\"><\/span><\/div><\/div><div class=\" sub-entry\"><h3 class=\" dpt-title\"><a class=\"dpt-title-link\" href=\"https:\/\/observatorio.edec.gob.ec\/?grafico=mapa-de-calor-de-remesas-miles-de-usd-por-provincia-y-canton\" rel=\"bookmark\">Remesas por Cantones (Miles de USD)<\/a><\/h3><\/div><\/div>\n\t\t\t\t\t\t<\/div><!-- .dpt-entry -->\n\t\t\t\t\t\t\t\t\t\t\t\t<div class=\"dpt-entry has-thumbnail\" data-title=\"inversi\u00f3n p\u00fablica nacional y cantonal (miles de usd)\" data-id=\"326\"  data-portafolio_category=\"gr\u00e1ficos\">\n\t\t\t\t\t\t\t<div class=\"dpt-entry-wrapper\"><div class=\" dpt-featured-content\"><div class=\" dpt-permalink\"><a href=\"https:\/\/observatorio.edec.gob.ec\/?grafico=inversion-publica-nacional-y-cantonal-miles-de-usd\" class=\"dpt-permalink\"><span class=\"screen-reader-text\">Inversi\u00f3n P\u00fablica nacional y cantonal (Miles de USD)<\/span><\/a><\/div><div class=\" dpt-thumbnail\"><div class=\"dpt-thumbnail-inner\"><img loading=\"lazy\" width=\"400\" height=\"400\" class=\"attachment-full size-full\" alt=\"\" context=\"dpt\" data-dpt-src=\"https:\/\/observatorio.edec.gob.ec\/wp-content\/uploads\/2025\/11\/observatorio-edec-inversion-publica.png\" data-dpt-sizes=\"(max-width: 400px) 100vw, 400px\" data-dpt-srcset=\"https:\/\/observatorio.edec.gob.ec\/wp-content\/uploads\/2025\/11\/observatorio-edec-inversion-publica.png 400w, https:\/\/observatorio.edec.gob.ec\/wp-content\/uploads\/2025\/11\/observatorio-edec-inversion-publica-300x300.png 300w, https:\/\/observatorio.edec.gob.ec\/wp-content\/uploads\/2025\/11\/observatorio-edec-inversion-publica-150x150.png 150w\" \/><\/div><span class=\"dpt-thumbnail-aspect-ratio\" style=\"padding-top: 100%\"><\/span><\/div><\/div><div class=\" sub-entry\"><h3 class=\" dpt-title\"><a class=\"dpt-title-link\" href=\"https:\/\/observatorio.edec.gob.ec\/?grafico=inversion-publica-nacional-y-cantonal-miles-de-usd\" rel=\"bookmark\">Inversi\u00f3n P\u00fablica nacional y cantonal (Miles de USD)<\/a><\/h3><\/div><\/div>\n\t\t\t\t\t\t<\/div><!-- .dpt-entry -->\n\t\t\t\t\t\t\t\t\t\t\t\t<div class=\"dpt-entry has-thumbnail\" data-title=\"inversi\u00f3n privada nacional y cantonal (miles de usd)\" data-id=\"328\"  data-portafolio_category=\"gr\u00e1ficos\">\n\t\t\t\t\t\t\t<div class=\"dpt-entry-wrapper\"><div class=\" dpt-featured-content\"><div class=\" dpt-permalink\"><a href=\"https:\/\/observatorio.edec.gob.ec\/?grafico=inversion-privada-nacional-y-cantonal-miles-de-usd\" class=\"dpt-permalink\"><span class=\"screen-reader-text\">Inversi\u00f3n Privada nacional y cantonal (Miles de USD)<\/span><\/a><\/div><div class=\" dpt-thumbnail\"><div class=\"dpt-thumbnail-inner\"><img loading=\"lazy\" width=\"400\" height=\"400\" class=\"attachment-full size-full\" alt=\"\" context=\"dpt\" data-dpt-src=\"https:\/\/observatorio.edec.gob.ec\/wp-content\/uploads\/2025\/11\/observatorio-edec-inversion-privada.png\" data-dpt-sizes=\"(max-width: 400px) 100vw, 400px\" data-dpt-srcset=\"https:\/\/observatorio.edec.gob.ec\/wp-content\/uploads\/2025\/11\/observatorio-edec-inversion-privada.png 400w, https:\/\/observatorio.edec.gob.ec\/wp-content\/uploads\/2025\/11\/observatorio-edec-inversion-privada-300x300.png 300w, https:\/\/observatorio.edec.gob.ec\/wp-content\/uploads\/2025\/11\/observatorio-edec-inversion-privada-150x150.png 150w\" \/><\/div><span class=\"dpt-thumbnail-aspect-ratio\" style=\"padding-top: 100%\"><\/span><\/div><\/div><div class=\" sub-entry\"><h3 class=\" dpt-title\"><a class=\"dpt-title-link\" href=\"https:\/\/observatorio.edec.gob.ec\/?grafico=inversion-privada-nacional-y-cantonal-miles-de-usd\" rel=\"bookmark\">Inversi\u00f3n Privada nacional y cantonal (Miles de USD)<\/a><\/h3><\/div><\/div>\n\t\t\t\t\t\t<\/div><!-- .dpt-entry -->\n\t\t\t\t\t\t\n\t\t\t\t<\/div>\n\t\t\t\t\t\t<\/div>\n\t\t\t<\/div>\n\t\t\t\t\t\t<\/div>\n\t\t\t\t\t<\/div>\n\t\t\t\t<\/div>\n\t\t<div class=\"elementor-element elementor-element-73b9c58 e-flex e-con-boxed elementor-invisible e-con e-parent\" data-id=\"73b9c58\" data-element_type=\"container\" data-e-type=\"container\" data-settings=\"{&quot;animation&quot;:&quot;fadeInLeft&quot;,&quot;animation_mobile&quot;:&quot;zoomIn&quot;}\">\n\t\t\t\t\t<div class=\"e-con-inner\">\n\t\t\t\t<div class=\"elementor-element elementor-element-f07ed70 elementor-widget elementor-widget-heading\" data-id=\"f07ed70\" data-element_type=\"widget\" data-e-type=\"widget\" data-widget_type=\"heading.default\">\n\t\t\t\t\t<h2 class=\"elementor-heading-title elementor-size-default\"><strong>Conclusi\u00f3n <\/strong>conceptual<\/h2>\t\t\t\t<\/div>\n\t\t\t\t<div class=\"elementor-element elementor-element-1e9a6b3 elementor-widget elementor-widget-text-editor\" data-id=\"1e9a6b3\" data-element_type=\"widget\" data-e-type=\"widget\" data-widget_type=\"text-editor.default\">\n\t\t\t\t\t\t\t\t\t<p><span style=\"font-weight: 400;\">El Observatorio Econ\u00f3mico de la EDEC EP se posiciona como un puente entre datos y decisiones. Su relevancia radica en convertir estad\u00edsticas dispersas en evidencia accionable, fortalecer la gobernanza local, apoyar el dise\u00f1o de pol\u00edticas de promoci\u00f3n econ\u00f3mica y facilitar la participaci\u00f3n informada de actores del territorio. En un contexto de creciente complejidad socioecon\u00f3mica, contar con un observatorio robusto, transparente y t\u00e9cnicamente s\u00f3lido es un recurso estrat\u00e9gico para el desarrollo sostenible de Cuenca y su \u00e1rea de influencia. Es por eso por lo que se solicita su cooperaci\u00f3n como instituci\u00f3n.<\/span><\/p>\t\t\t\t\t\t\t\t<\/div>\n\t\t\t\t\t<\/div>\n\t\t\t\t<\/div>\n\t\t\t\t<\/div>\n\t\t","protected":false},"excerpt":{"rendered":"<p>Visualizador de datos Visualizador de datos Relaci\u00f3n con instituciones generadoras de datos El Observatorio no sustituye a los productores oficiales de estad\u00edstica; se articula con ellos para transformar datos en inteligencia aplicada. Con base en nuestras necesidades de an\u00e1lisis de indicadores laborales y sectoriales para la ciudad de Cuenca y en parte a nivel nacional, [&hellip;]<\/p>\n","protected":false},"author":1,"featured_media":0,"parent":0,"menu_order":0,"comment_status":"closed","ping_status":"closed","template":"","meta":{"footnotes":""},"class_list":["post-3","page","type-page","status-publish","hentry"],"aioseo_notices":[],"_links":{"self":[{"href":"https:\/\/observatorio.edec.gob.ec\/index.php?rest_route=\/wp\/v2\/pages\/3","targetHints":{"allow":["GET"]}}],"collection":[{"href":"https:\/\/observatorio.edec.gob.ec\/index.php?rest_route=\/wp\/v2\/pages"}],"about":[{"href":"https:\/\/observatorio.edec.gob.ec\/index.php?rest_route=\/wp\/v2\/types\/page"}],"author":[{"embeddable":true,"href":"https:\/\/observatorio.edec.gob.ec\/index.php?rest_route=\/wp\/v2\/users\/1"}],"replies":[{"embeddable":true,"href":"https:\/\/observatorio.edec.gob.ec\/index.php?rest_route=%2Fwp%2Fv2%2Fcomments&post=3"}],"version-history":[{"count":85,"href":"https:\/\/observatorio.edec.gob.ec\/index.php?rest_route=\/wp\/v2\/pages\/3\/revisions"}],"predecessor-version":[{"id":1850,"href":"https:\/\/observatorio.edec.gob.ec\/index.php?rest_route=\/wp\/v2\/pages\/3\/revisions\/1850"}],"wp:attachment":[{"href":"https:\/\/observatorio.edec.gob.ec\/index.php?rest_route=%2Fwp%2Fv2%2Fmedia&parent=3"}],"curies":[{"name":"wp","href":"https:\/\/api.w.org\/{rel}","templated":true}]}}